{"id":193,"date":"2026-03-19T21:03:05","date_gmt":"2026-03-19T21:03:05","guid":{"rendered":"http:\/\/hcmoxrk.cluster100.hosting.ovh.net\/?page_id=193"},"modified":"2026-04-10T21:09:58","modified_gmt":"2026-04-10T21:09:58","slug":"rideaux-voilages","status":"publish","type":"page","link":"https:\/\/www.lesconfectionsdelaurence.fr\/index.php\/rideaux-voilages\/","title":{"rendered":"Rideaux &amp; Voilages"},"content":{"rendered":"\t\t<div data-elementor-type=\"wp-page\" data-elementor-id=\"193\" class=\"elementor elementor-193\">\n\t\t\t\t<div class=\"elementor-element elementor-element-c0a9ba1 e-con-full e-flex e-con e-parent\" data-id=\"c0a9ba1\" data-element_type=\"container\" data-e-type=\"container\" data-settings=\"{&quot;background_background&quot;:&quot;classic&quot;}\">\n\t\t\t\t<div class=\"elementor-element elementor-element-8d04aee elementor-widget elementor-widget-heading\" data-id=\"8d04aee\" data-element_type=\"widget\" data-e-type=\"widget\" data-widget_type=\"heading.default\">\n\t\t\t\t\t<h2 class=\"elementor-heading-title elementor-size-default\">RIDEAUX &amp; VOILAGES<\/h2>\t\t\t\t<\/div>\n\t\t\t\t<div class=\"elementor-element elementor-element-5f95849 elementor-widget elementor-widget-heading\" data-id=\"5f95849\" data-element_type=\"widget\" data-e-type=\"widget\" data-widget_type=\"heading.default\">\n\t\t\t\t\t<h2 class=\"elementor-heading-title elementor-size-default\">\u00c9l\u00e9gance, lumi\u00e8re et harmonie<\/h2>\t\t\t\t<\/div>\n\t\t\t\t<\/div>\n\t\t<div class=\"elementor-element elementor-element-51dce28 e-flex e-con-boxed e-con e-parent\" data-id=\"51dce28\" data-element_type=\"container\" data-e-type=\"container\">\n\t\t\t\t\t<div class=\"e-con-inner\">\n\t\t\t\t<div class=\"elementor-element elementor-element-4e1fdc6 elementor-widget elementor-widget-text-editor\" data-id=\"4e1fdc6\" data-element_type=\"widget\" data-e-type=\"widget\" data-widget_type=\"text-editor.default\">\n\t\t\t\t\t\t\t\t\t<p><span class=\"a_GcMg font-feature-liga-off font-feature-clig-off font-feature-calt-off text-decoration-none text-strikethrough-none\">Les rideaux sont de v\u00e9ritables <\/span><strong><span class=\"a_GcMg font-feature-liga-off font-feature-clig-off font-feature-calt-off text-decoration-none text-strikethrough-none\">\u00e9l\u00e9ments de d\u00e9coration<\/span><\/strong><span class=\"a_GcMg font-feature-liga-off font-feature-clig-off font-feature-calt-off text-decoration-none text-strikethrough-none\">. Ils soulignent les fen\u00eatres, <\/span><strong><span class=\"a_GcMg font-feature-liga-off font-feature-clig-off font-feature-calt-off text-decoration-none text-strikethrough-none\">structurent l\u2019espace<\/span><\/strong><span class=\"a_GcMg font-feature-liga-off font-feature-clig-off font-feature-calt-off text-decoration-none text-strikethrough-none\"> et participent \u00e0 l\u2019ambiance g\u00e9n\u00e9rale de la pi\u00e8ce.<\/span><\/p><p><strong><span class=\"a_GcMg font-feature-liga-off font-feature-clig-off font-feature-calt-off text-decoration-none text-strikethrough-none\">L\u00e9gers et \u00e9l\u00e9gants<\/span><\/strong><span class=\"a_GcMg font-feature-liga-off font-feature-clig-off font-feature-calt-off text-decoration-none text-strikethrough-none\">, les voilages laissent passer la lumi\u00e8re tout en pr\u00e9servant votre intimit\u00e9. Ils apportent <\/span><strong><span class=\"a_GcMg font-feature-liga-off font-feature-clig-off font-feature-calt-off text-decoration-none text-strikethrough-none\">douceur et luminosit\u00e9<\/span><\/strong><span class=\"a_GcMg font-feature-liga-off font-feature-clig-off font-feature-calt-off text-decoration-none text-strikethrough-none\"> \u00e0 vos espaces de vie.<\/span><\/p>\t\t\t\t\t\t\t\t<\/div>\n\t\t\t\t\t<\/div>\n\t\t\t\t<\/div>\n\t\t<div class=\"elementor-element elementor-element-1b2d4bc e-flex e-con-boxed e-con e-parent\" data-id=\"1b2d4bc\" data-element_type=\"container\" data-e-type=\"container\">\n\t\t\t\t\t<div class=\"e-con-inner\">\n\t\t\t\t<div class=\"elementor-element elementor-element-6ac66c8 elementor-widget elementor-widget-image\" data-id=\"6ac66c8\" data-element_type=\"widget\" data-e-type=\"widget\" data-widget_type=\"image.default\">\n\t\t\t\t\t\t\t\t\t\t\t\t\t\t\t<img fetchpriority=\"high\" decoding=\"async\" width=\"1024\" height=\"512\" src=\"https:\/\/www.lesconfectionsdelaurence.fr\/wp-content\/uploads\/2026\/04\/6-1024x512.png\" class=\"attachment-large size-large wp-image-395\" alt=\"\" srcset=\"https:\/\/www.lesconfectionsdelaurence.fr\/wp-content\/uploads\/2026\/04\/6-1024x512.png 1024w, https:\/\/www.lesconfectionsdelaurence.fr\/wp-content\/uploads\/2026\/04\/6-300x150.png 300w, https:\/\/www.lesconfectionsdelaurence.fr\/wp-content\/uploads\/2026\/04\/6-768x384.png 768w, https:\/\/www.lesconfectionsdelaurence.fr\/wp-content\/uploads\/2026\/04\/6.png 1200w\" sizes=\"(max-width: 1024px) 100vw, 1024px\" \/>\t\t\t\t\t\t\t\t\t\t\t\t\t\t\t<\/div>\n\t\t\t\t<div class=\"elementor-element elementor-element-8a58c36 elementor-widget elementor-widget-text-editor\" data-id=\"8a58c36\" data-element_type=\"widget\" data-e-type=\"widget\" data-widget_type=\"text-editor.default\">\n\t\t\t\t\t\t\t\t\t<p><span class=\"a_GcMg font-feature-liga-off font-feature-clig-off font-feature-calt-off text-decoration-none text-strikethrough-none\">En lin, coton, soie ou mati\u00e8res recycl\u00e9es, unis ou \u00e0 motifs, je vous accompagne dans le choix des tissus et des finitions, afin de <\/span><strong><span class=\"a_GcMg font-feature-liga-off font-feature-clig-off font-feature-calt-off text-decoration-none text-strikethrough-none\">cr\u00e9er une harmonie avec votre int\u00e9rieur<\/span><span class=\"a_GcMg font-feature-liga-off font-feature-clig-off font-feature-calt-off text-decoration-none text-strikethrough-none\">.<\/span><\/strong><\/p>\t\t\t\t\t\t\t\t<\/div>\n\t\t\t\t\t<\/div>\n\t\t\t\t<\/div>\n\t\t<div class=\"elementor-element elementor-element-4112ea9 e-flex e-con-boxed e-con e-parent\" data-id=\"4112ea9\" data-element_type=\"container\" data-e-type=\"container\">\n\t\t\t\t\t<div class=\"e-con-inner\">\n\t\t<div class=\"elementor-element elementor-element-0048f6f e-con-full e-flex e-con e-child\" data-id=\"0048f6f\" data-element_type=\"container\" data-e-type=\"container\">\n\t\t\t\t<div class=\"elementor-element elementor-element-7832fa4 elementor-widget elementor-widget-heading\" data-id=\"7832fa4\" data-element_type=\"widget\" data-e-type=\"widget\" data-widget_type=\"heading.default\">\n\t\t\t\t\t<h2 class=\"elementor-heading-title elementor-size-default\">Envie d\u2019un projet sur mesure ?<\/h2>\t\t\t\t<\/div>\n\t\t\t\t<\/div>\n\t\t<div class=\"elementor-element elementor-element-607d54e e-con-full e-flex e-con e-child\" data-id=\"607d54e\" data-element_type=\"container\" data-e-type=\"container\">\n\t\t\t\t<div class=\"elementor-element elementor-element-9c73ee4 elementor-mobile-align-center elementor-widget elementor-widget-button\" data-id=\"9c73ee4\" data-element_type=\"widget\" data-e-type=\"widget\" data-widget_type=\"button.default\">\n\t\t\t\t\t\t\t\t\t\t<a class=\"elementor-button elementor-button-link elementor-size-sm elementor-animation-grow\" href=\"https:\/\/www.lesconfectionsdelaurence.fr\/index.php\/contactez-moi\/\">\n\t\t\t\t\t\t<span class=\"elementor-button-content-wrapper\">\n\t\t\t\t\t\t\t\t\t<span class=\"elementor-button-text\">Discutons de votre projet<\/span>\n\t\t\t\t\t<\/span>\n\t\t\t\t\t<\/a>\n\t\t\t\t\t\t\t\t<\/div>\n\t\t\t\t<\/div>\n\t\t\t\t\t<\/div>\n\t\t\t\t<\/div>\n\t\t\t\t<\/div>\n\t\t","protected":false},"excerpt":{"rendered":"<p>RIDEAUX &amp; VOILAGES \u00c9l\u00e9gance, lumi\u00e8re et harmonie Les rideaux sont de v\u00e9ritables \u00e9l\u00e9ments de d\u00e9coration. Ils soulignent les fen\u00eatres, structurent l\u2019espace et participent \u00e0 l\u2019ambiance g\u00e9n\u00e9rale de la pi\u00e8ce. L\u00e9gers et \u00e9l\u00e9gants, les voilages laissent passer la lumi\u00e8re tout en pr\u00e9servant votre intimit\u00e9. Ils apportent douceur et luminosit\u00e9 \u00e0 vos espaces de vie. En lin, [&hellip;]<\/p>\n","protected":false},"author":1,"featured_media":0,"parent":0,"menu_order":0,"comment_status":"closed","ping_status":"closed","template":"","meta":{"ocean_post_layout":"","ocean_both_sidebars_style":"","ocean_both_sidebars_content_width":0,"ocean_both_sidebars_sidebars_width":0,"ocean_sidebar":"","ocean_second_sidebar":"","ocean_disable_margins":"enable","ocean_add_body_class":"","ocean_shortcode_before_top_bar":"","ocean_shortcode_after_top_bar":"","ocean_shortcode_before_header":"","ocean_shortcode_after_header":"","ocean_has_shortcode":"","ocean_shortcode_after_title":"","ocean_shortcode_before_footer_widgets":"","ocean_shortcode_after_footer_widgets":"","ocean_shortcode_before_footer_bottom":"","ocean_shortcode_after_footer_bottom":"","ocean_display_top_bar":"default","ocean_display_header":"default","ocean_header_style":"","ocean_center_header_left_menu":"","ocean_custom_header_template":"","ocean_custom_logo":0,"ocean_custom_retina_logo":0,"ocean_custom_logo_max_width":0,"ocean_custom_logo_tablet_max_width":0,"ocean_custom_logo_mobile_max_width":0,"ocean_custom_logo_max_height":0,"ocean_custom_logo_tablet_max_height":0,"ocean_custom_logo_mobile_max_height":0,"ocean_header_custom_menu":"","ocean_menu_typo_font_family":"","ocean_menu_typo_font_subset":"","ocean_menu_typo_font_size":0,"ocean_menu_typo_font_size_tablet":0,"ocean_menu_typo_font_size_mobile":0,"ocean_menu_typo_font_size_unit":"px","ocean_menu_typo_font_weight":"","ocean_menu_typo_font_weight_tablet":"","ocean_menu_typo_font_weight_mobile":"","ocean_menu_typo_transform":"","ocean_menu_typo_transform_tablet":"","ocean_menu_typo_transform_mobile":"","ocean_menu_typo_line_height":0,"ocean_menu_typo_line_height_tablet":0,"ocean_menu_typo_line_height_mobile":0,"ocean_menu_typo_line_height_unit":"","ocean_menu_typo_spacing":0,"ocean_menu_typo_spacing_tablet":0,"ocean_menu_typo_spacing_mobile":0,"ocean_menu_typo_spacing_unit":"","ocean_menu_link_color":"","ocean_menu_link_color_hover":"","ocean_menu_link_color_active":"","ocean_menu_link_background":"","ocean_menu_link_hover_background":"","ocean_menu_link_active_background":"","ocean_menu_social_links_bg":"","ocean_menu_social_hover_links_bg":"","ocean_menu_social_links_color":"","ocean_menu_social_hover_links_color":"","ocean_disable_title":"on","ocean_disable_heading":"default","ocean_post_title":"","ocean_post_subheading":"","ocean_post_title_style":"","ocean_post_title_background_color":"","ocean_post_title_background":0,"ocean_post_title_bg_image_position":"","ocean_post_title_bg_image_attachment":"","ocean_post_title_bg_image_repeat":"","ocean_post_title_bg_image_size":"","ocean_post_title_height":0,"ocean_post_title_bg_overlay":0.5,"ocean_post_title_bg_overlay_color":"","ocean_disable_breadcrumbs":"default","ocean_breadcrumbs_color":"","ocean_breadcrumbs_separator_color":"","ocean_breadcrumbs_links_color":"","ocean_breadcrumbs_links_hover_color":"","ocean_display_footer_widgets":"default","ocean_display_footer_bottom":"default","ocean_custom_footer_template":"","footnotes":""},"class_list":["post-193","page","type-page","status-publish","hentry","entry"],"yoast_head":"<!-- This site is optimized with the Yoast SEO plugin v27.3 - https:\/\/yoast.com\/product\/yoast-seo-wordpress\/ -->\n<title>Rideaux &amp; Voilages - Les Confections de Laurence<\/title>\n<meta name=\"robots\" content=\"index, follow, max-snippet:-1, max-image-preview:large, max-video-preview:-1\" \/>\n<link rel=\"canonical\" href=\"https:\/\/www.lesconfectionsdelaurence.fr\/index.php\/rideaux-voilages\/\" \/>\n<meta property=\"og:locale\" content=\"fr_FR\" \/>\n<meta property=\"og:type\" content=\"article\" \/>\n<meta property=\"og:title\" content=\"Rideaux &amp; Voilages - Les Confections de Laurence\" \/>\n<meta property=\"og:description\" content=\"RIDEAUX &amp; VOILAGES \u00c9l\u00e9gance, lumi\u00e8re et harmonie Les rideaux sont de v\u00e9ritables \u00e9l\u00e9ments de d\u00e9coration. Ils soulignent les fen\u00eatres, structurent l\u2019espace et participent \u00e0 l\u2019ambiance g\u00e9n\u00e9rale de la pi\u00e8ce. L\u00e9gers et \u00e9l\u00e9gants, les voilages laissent passer la lumi\u00e8re tout en pr\u00e9servant votre intimit\u00e9. Ils apportent douceur et luminosit\u00e9 \u00e0 vos espaces de vie. En lin, [&hellip;]\" \/>\n<meta property=\"og:url\" content=\"https:\/\/www.lesconfectionsdelaurence.fr\/index.php\/rideaux-voilages\/\" \/>\n<meta property=\"og:site_name\" content=\"Les Confections de Laurence\" \/>\n<meta property=\"article:modified_time\" content=\"2026-04-10T21:09:58+00:00\" \/>\n<meta property=\"og:image\" content=\"https:\/\/www.lesconfectionsdelaurence.fr\/wp-content\/uploads\/2026\/04\/6.png\" \/>\n\t<meta property=\"og:image:width\" content=\"1200\" \/>\n\t<meta property=\"og:image:height\" content=\"600\" \/>\n\t<meta property=\"og:image:type\" content=\"image\/png\" \/>\n<meta name=\"twitter:card\" content=\"summary_large_image\" \/>\n<meta name=\"twitter:label1\" content=\"Dur\u00e9e de lecture estim\u00e9e\" \/>\n\t<meta name=\"twitter:data1\" content=\"1 minute\" \/>\n<script type=\"application\/ld+json\" class=\"yoast-schema-graph\">{\"@context\":\"https:\\\/\\\/schema.org\",\"@graph\":[{\"@type\":\"WebPage\",\"@id\":\"https:\\\/\\\/www.lesconfectionsdelaurence.fr\\\/index.php\\\/rideaux-voilages\\\/\",\"url\":\"https:\\\/\\\/www.lesconfectionsdelaurence.fr\\\/index.php\\\/rideaux-voilages\\\/\",\"name\":\"Rideaux &amp; Voilages - Les Confections de Laurence\",\"isPartOf\":{\"@id\":\"https:\\\/\\\/www.lesconfectionsdelaurence.fr\\\/#website\"},\"primaryImageOfPage\":{\"@id\":\"https:\\\/\\\/www.lesconfectionsdelaurence.fr\\\/index.php\\\/rideaux-voilages\\\/#primaryimage\"},\"image\":{\"@id\":\"https:\\\/\\\/www.lesconfectionsdelaurence.fr\\\/index.php\\\/rideaux-voilages\\\/#primaryimage\"},\"thumbnailUrl\":\"https:\\\/\\\/www.lesconfectionsdelaurence.fr\\\/wp-content\\\/uploads\\\/2026\\\/04\\\/6-1024x512.png\",\"datePublished\":\"2026-03-19T21:03:05+00:00\",\"dateModified\":\"2026-04-10T21:09:58+00:00\",\"breadcrumb\":{\"@id\":\"https:\\\/\\\/www.lesconfectionsdelaurence.fr\\\/index.php\\\/rideaux-voilages\\\/#breadcrumb\"},\"inLanguage\":\"fr-FR\",\"potentialAction\":[{\"@type\":\"ReadAction\",\"target\":[\"https:\\\/\\\/www.lesconfectionsdelaurence.fr\\\/index.php\\\/rideaux-voilages\\\/\"]}]},{\"@type\":\"ImageObject\",\"inLanguage\":\"fr-FR\",\"@id\":\"https:\\\/\\\/www.lesconfectionsdelaurence.fr\\\/index.php\\\/rideaux-voilages\\\/#primaryimage\",\"url\":\"https:\\\/\\\/www.lesconfectionsdelaurence.fr\\\/wp-content\\\/uploads\\\/2026\\\/04\\\/6.png\",\"contentUrl\":\"https:\\\/\\\/www.lesconfectionsdelaurence.fr\\\/wp-content\\\/uploads\\\/2026\\\/04\\\/6.png\",\"width\":1200,\"height\":600},{\"@type\":\"BreadcrumbList\",\"@id\":\"https:\\\/\\\/www.lesconfectionsdelaurence.fr\\\/index.php\\\/rideaux-voilages\\\/#breadcrumb\",\"itemListElement\":[{\"@type\":\"ListItem\",\"position\":1,\"name\":\"Accueil\",\"item\":\"https:\\\/\\\/www.lesconfectionsdelaurence.fr\\\/\"},{\"@type\":\"ListItem\",\"position\":2,\"name\":\"Rideaux &amp; Voilages\"}]},{\"@type\":\"WebSite\",\"@id\":\"https:\\\/\\\/www.lesconfectionsdelaurence.fr\\\/#website\",\"url\":\"https:\\\/\\\/www.lesconfectionsdelaurence.fr\\\/\",\"name\":\"Les Confections de Laurence\",\"description\":\"L&#039;art d&#039;habillier vos fen\u00eatres\",\"publisher\":{\"@id\":\"https:\\\/\\\/www.lesconfectionsdelaurence.fr\\\/#organization\"},\"potentialAction\":[{\"@type\":\"SearchAction\",\"target\":{\"@type\":\"EntryPoint\",\"urlTemplate\":\"https:\\\/\\\/www.lesconfectionsdelaurence.fr\\\/?s={search_term_string}\"},\"query-input\":{\"@type\":\"PropertyValueSpecification\",\"valueRequired\":true,\"valueName\":\"search_term_string\"}}],\"inLanguage\":\"fr-FR\"},{\"@type\":\"Organization\",\"@id\":\"https:\\\/\\\/www.lesconfectionsdelaurence.fr\\\/#organization\",\"name\":\"Les Confections de Laurence\",\"url\":\"https:\\\/\\\/www.lesconfectionsdelaurence.fr\\\/\",\"logo\":{\"@type\":\"ImageObject\",\"inLanguage\":\"fr-FR\",\"@id\":\"https:\\\/\\\/www.lesconfectionsdelaurence.fr\\\/#\\\/schema\\\/logo\\\/image\\\/\",\"url\":\"https:\\\/\\\/www.lesconfectionsdelaurence.fr\\\/wp-content\\\/uploads\\\/2025\\\/12\\\/cropped-cropped-logo-Laurence-180.png\",\"contentUrl\":\"https:\\\/\\\/www.lesconfectionsdelaurence.fr\\\/wp-content\\\/uploads\\\/2025\\\/12\\\/cropped-cropped-logo-Laurence-180.png\",\"width\":512,\"height\":476,\"caption\":\"Les Confections de Laurence\"},\"image\":{\"@id\":\"https:\\\/\\\/www.lesconfectionsdelaurence.fr\\\/#\\\/schema\\\/logo\\\/image\\\/\"}}]}<\/script>\n<!-- \/ Yoast SEO plugin. -->","yoast_head_json":{"title":"Rideaux &amp; Voilages - Les Confections de Laurence","robots":{"index":"index","follow":"follow","max-snippet":"max-snippet:-1","max-image-preview":"max-image-preview:large","max-video-preview":"max-video-preview:-1"},"canonical":"https:\/\/www.lesconfectionsdelaurence.fr\/index.php\/rideaux-voilages\/","og_locale":"fr_FR","og_type":"article","og_title":"Rideaux &amp; Voilages - Les Confections de Laurence","og_description":"RIDEAUX &amp; VOILAGES \u00c9l\u00e9gance, lumi\u00e8re et harmonie Les rideaux sont de v\u00e9ritables \u00e9l\u00e9ments de d\u00e9coration. Ils soulignent les fen\u00eatres, structurent l\u2019espace et participent \u00e0 l\u2019ambiance g\u00e9n\u00e9rale de la pi\u00e8ce. L\u00e9gers et \u00e9l\u00e9gants, les voilages laissent passer la lumi\u00e8re tout en pr\u00e9servant votre intimit\u00e9. Ils apportent douceur et luminosit\u00e9 \u00e0 vos espaces de vie. En lin, [&hellip;]","og_url":"https:\/\/www.lesconfectionsdelaurence.fr\/index.php\/rideaux-voilages\/","og_site_name":"Les Confections de Laurence","article_modified_time":"2026-04-10T21:09:58+00:00","og_image":[{"width":1200,"height":600,"url":"https:\/\/www.lesconfectionsdelaurence.fr\/wp-content\/uploads\/2026\/04\/6.png","type":"image\/png"}],"twitter_card":"summary_large_image","twitter_misc":{"Dur\u00e9e de lecture estim\u00e9e":"1 minute"},"schema":{"@context":"https:\/\/schema.org","@graph":[{"@type":"WebPage","@id":"https:\/\/www.lesconfectionsdelaurence.fr\/index.php\/rideaux-voilages\/","url":"https:\/\/www.lesconfectionsdelaurence.fr\/index.php\/rideaux-voilages\/","name":"Rideaux &amp; Voilages - Les Confections de Laurence","isPartOf":{"@id":"https:\/\/www.lesconfectionsdelaurence.fr\/#website"},"primaryImageOfPage":{"@id":"https:\/\/www.lesconfectionsdelaurence.fr\/index.php\/rideaux-voilages\/#primaryimage"},"image":{"@id":"https:\/\/www.lesconfectionsdelaurence.fr\/index.php\/rideaux-voilages\/#primaryimage"},"thumbnailUrl":"https:\/\/www.lesconfectionsdelaurence.fr\/wp-content\/uploads\/2026\/04\/6-1024x512.png","datePublished":"2026-03-19T21:03:05+00:00","dateModified":"2026-04-10T21:09:58+00:00","breadcrumb":{"@id":"https:\/\/www.lesconfectionsdelaurence.fr\/index.php\/rideaux-voilages\/#breadcrumb"},"inLanguage":"fr-FR","potentialAction":[{"@type":"ReadAction","target":["https:\/\/www.lesconfectionsdelaurence.fr\/index.php\/rideaux-voilages\/"]}]},{"@type":"ImageObject","inLanguage":"fr-FR","@id":"https:\/\/www.lesconfectionsdelaurence.fr\/index.php\/rideaux-voilages\/#primaryimage","url":"https:\/\/www.lesconfectionsdelaurence.fr\/wp-content\/uploads\/2026\/04\/6.png","contentUrl":"https:\/\/www.lesconfectionsdelaurence.fr\/wp-content\/uploads\/2026\/04\/6.png","width":1200,"height":600},{"@type":"BreadcrumbList","@id":"https:\/\/www.lesconfectionsdelaurence.fr\/index.php\/rideaux-voilages\/#breadcrumb","itemListElement":[{"@type":"ListItem","position":1,"name":"Accueil","item":"https:\/\/www.lesconfectionsdelaurence.fr\/"},{"@type":"ListItem","position":2,"name":"Rideaux &amp; Voilages"}]},{"@type":"WebSite","@id":"https:\/\/www.lesconfectionsdelaurence.fr\/#website","url":"https:\/\/www.lesconfectionsdelaurence.fr\/","name":"Les Confections de Laurence","description":"L&#039;art d&#039;habillier vos fen\u00eatres","publisher":{"@id":"https:\/\/www.lesconfectionsdelaurence.fr\/#organization"},"potentialAction":[{"@type":"SearchAction","target":{"@type":"EntryPoint","urlTemplate":"https:\/\/www.lesconfectionsdelaurence.fr\/?s={search_term_string}"},"query-input":{"@type":"PropertyValueSpecification","valueRequired":true,"valueName":"search_term_string"}}],"inLanguage":"fr-FR"},{"@type":"Organization","@id":"https:\/\/www.lesconfectionsdelaurence.fr\/#organization","name":"Les Confections de Laurence","url":"https:\/\/www.lesconfectionsdelaurence.fr\/","logo":{"@type":"ImageObject","inLanguage":"fr-FR","@id":"https:\/\/www.lesconfectionsdelaurence.fr\/#\/schema\/logo\/image\/","url":"https:\/\/www.lesconfectionsdelaurence.fr\/wp-content\/uploads\/2025\/12\/cropped-cropped-logo-Laurence-180.png","contentUrl":"https:\/\/www.lesconfectionsdelaurence.fr\/wp-content\/uploads\/2025\/12\/cropped-cropped-logo-Laurence-180.png","width":512,"height":476,"caption":"Les Confections de Laurence"},"image":{"@id":"https:\/\/www.lesconfectionsdelaurence.fr\/#\/schema\/logo\/image\/"}}]}},"_links":{"self":[{"href":"https:\/\/www.lesconfectionsdelaurence.fr\/index.php\/wp-json\/wp\/v2\/pages\/193","targetHints":{"allow":["GET"]}}],"collection":[{"href":"https:\/\/www.lesconfectionsdelaurence.fr\/index.php\/wp-json\/wp\/v2\/pages"}],"about":[{"href":"https:\/\/www.lesconfectionsdelaurence.fr\/index.php\/wp-json\/wp\/v2\/types\/page"}],"author":[{"embeddable":true,"href":"https:\/\/www.lesconfectionsdelaurence.fr\/index.php\/wp-json\/wp\/v2\/users\/1"}],"replies":[{"embeddable":true,"href":"https:\/\/www.lesconfectionsdelaurence.fr\/index.php\/wp-json\/wp\/v2\/comments?post=193"}],"version-history":[{"count":22,"href":"https:\/\/www.lesconfectionsdelaurence.fr\/index.php\/wp-json\/wp\/v2\/pages\/193\/revisions"}],"predecessor-version":[{"id":499,"href":"https:\/\/www.lesconfectionsdelaurence.fr\/index.php\/wp-json\/wp\/v2\/pages\/193\/revisions\/499"}],"wp:attachment":[{"href":"https:\/\/www.lesconfectionsdelaurence.fr\/index.php\/wp-json\/wp\/v2\/media?parent=193"}],"curies":[{"name":"wp","href":"https:\/\/api.w.org\/{rel}","templated":true}]}}