{"id":207,"date":"2026-03-19T21:35:51","date_gmt":"2026-03-19T21:35:51","guid":{"rendered":"http:\/\/hcmoxrk.cluster100.hosting.ovh.net\/?page_id=207"},"modified":"2026-04-10T21:11:41","modified_gmt":"2026-04-10T21:11:41","slug":"coussins-decoratifs","status":"publish","type":"page","link":"https:\/\/www.lesconfectionsdelaurence.fr\/index.php\/coussins-decoratifs\/","title":{"rendered":"Coussins d\u00e9coratifs"},"content":{"rendered":"\t\t<div data-elementor-type=\"wp-page\" data-elementor-id=\"207\" class=\"elementor elementor-207\">\n\t\t\t\t<div class=\"elementor-element elementor-element-40da335 e-con-full e-flex e-con e-parent\" data-id=\"40da335\" data-element_type=\"container\" data-e-type=\"container\" data-settings=\"{&quot;background_background&quot;:&quot;classic&quot;}\">\n\t\t\t\t<div class=\"elementor-element elementor-element-1e99f1d elementor-widget elementor-widget-heading\" data-id=\"1e99f1d\" data-element_type=\"widget\" data-e-type=\"widget\" data-widget_type=\"heading.default\">\n\t\t\t\t\t<h2 class=\"elementor-heading-title elementor-size-default\">COUSSINS D\u00c9CORATIFS<\/h2>\t\t\t\t<\/div>\n\t\t\t\t<div class=\"elementor-element elementor-element-a758978 elementor-widget elementor-widget-heading\" data-id=\"a758978\" data-element_type=\"widget\" data-e-type=\"widget\" data-widget_type=\"heading.default\">\n\t\t\t\t\t<h2 class=\"elementor-heading-title elementor-size-default\">Confort, style et personnalisation<\/h2>\t\t\t\t<\/div>\n\t\t\t\t<\/div>\n\t\t<div class=\"elementor-element elementor-element-8f029e3 e-flex e-con-boxed e-con e-parent\" data-id=\"8f029e3\" data-element_type=\"container\" data-e-type=\"container\">\n\t\t\t\t\t<div class=\"e-con-inner\">\n\t\t\t\t<div class=\"elementor-element elementor-element-be8eeb5 elementor-widget elementor-widget-text-editor\" data-id=\"be8eeb5\" data-element_type=\"widget\" data-e-type=\"widget\" data-widget_type=\"text-editor.default\">\n\t\t\t\t\t\t\t\t\t<p class=\"cvGsUA direction-ltr align-center para-style-body\"><span class=\"a_GcMg font-feature-liga-off font-feature-clig-off font-feature-calt-off text-decoration-none text-strikethrough-none\">Les coussins sont des \u00e9l\u00e9ments essentiels pour apporter <\/span><strong><span class=\"a_GcMg font-feature-liga-off font-feature-clig-off font-feature-calt-off text-decoration-none text-strikethrough-none\">confort, couleur et caract\u00e8re<\/span><\/strong><span class=\"a_GcMg font-feature-liga-off font-feature-clig-off font-feature-calt-off text-decoration-none text-strikethrough-none\"> \u00e0 un int\u00e9rieur.<\/span><\/p><p class=\"cvGsUA direction-ltr align-center para-style-body\"><span class=\"a_GcMg font-feature-liga-off font-feature-clig-off font-feature-calt-off text-decoration-none text-strikethrough-none\">Ils permettent de <\/span><strong><span class=\"a_GcMg font-feature-liga-off font-feature-clig-off font-feature-calt-off text-decoration-none text-strikethrough-none\">personnaliser un canap\u00e9, un fauteuil ou un lit<\/span><\/strong><span class=\"a_GcMg font-feature-liga-off font-feature-clig-off font-feature-calt-off text-decoration-none text-strikethrough-none\">, et d\u2019harmoniser la d\u00e9coration d\u2019une pi\u00e8ce.<\/span><\/p>\t\t\t\t\t\t\t\t<\/div>\n\t\t\t\t\t<\/div>\n\t\t\t\t<\/div>\n\t\t<div class=\"elementor-element elementor-element-ac1fc3b e-flex e-con-boxed e-con e-parent\" data-id=\"ac1fc3b\" data-element_type=\"container\" data-e-type=\"container\">\n\t\t\t\t\t<div class=\"e-con-inner\">\n\t\t\t\t<div class=\"elementor-element elementor-element-ec629db elementor-widget elementor-widget-image\" data-id=\"ec629db\" data-element_type=\"widget\" data-e-type=\"widget\" data-widget_type=\"image.default\">\n\t\t\t\t\t\t\t\t\t\t\t\t\t\t\t<img fetchpriority=\"high\" decoding=\"async\" width=\"1024\" height=\"512\" src=\"https:\/\/www.lesconfectionsdelaurence.fr\/wp-content\/uploads\/2026\/04\/COUSINS-1-1024x512.png\" class=\"attachment-large size-large wp-image-463\" alt=\"\" srcset=\"https:\/\/www.lesconfectionsdelaurence.fr\/wp-content\/uploads\/2026\/04\/COUSINS-1-1024x512.png 1024w, https:\/\/www.lesconfectionsdelaurence.fr\/wp-content\/uploads\/2026\/04\/COUSINS-1-300x150.png 300w, https:\/\/www.lesconfectionsdelaurence.fr\/wp-content\/uploads\/2026\/04\/COUSINS-1-768x384.png 768w, https:\/\/www.lesconfectionsdelaurence.fr\/wp-content\/uploads\/2026\/04\/COUSINS-1.png 1200w\" sizes=\"(max-width: 1024px) 100vw, 1024px\" \/>\t\t\t\t\t\t\t\t\t\t\t\t\t\t\t<\/div>\n\t\t\t\t\t<\/div>\n\t\t\t\t<\/div>\n\t\t<div class=\"elementor-element elementor-element-c7e8e91 e-flex e-con-boxed e-con e-parent\" data-id=\"c7e8e91\" data-element_type=\"container\" data-e-type=\"container\">\n\t\t\t\t\t<div class=\"e-con-inner\">\n\t\t\t\t<div class=\"elementor-element elementor-element-69bfe5d elementor-widget elementor-widget-text-editor\" data-id=\"69bfe5d\" data-element_type=\"widget\" data-e-type=\"widget\" data-widget_type=\"text-editor.default\">\n\t\t\t\t\t\t\t\t\t<p><span class=\"a_GcMg font-feature-liga-off font-feature-clig-off font-feature-calt-off text-decoration-none text-strikethrough-none\">R\u00e9alis\u00e9s sur mesure ou s\u00e9lectionn\u00e9s au showroom, ils sont pens\u00e9s pour <\/span><strong><span class=\"a_GcMg font-feature-liga-off font-feature-clig-off font-feature-calt-off text-decoration-none text-strikethrough-none\">s\u2019int\u00e9grer parfaitement \u00e0 votre univers<\/span><span class=\"a_GcMg font-feature-liga-off font-feature-clig-off font-feature-calt-off text-decoration-none text-strikethrough-none\">.<\/span><\/strong><\/p>\t\t\t\t\t\t\t\t<\/div>\n\t\t\t\t\t<\/div>\n\t\t\t\t<\/div>\n\t\t<div class=\"elementor-element elementor-element-e61f562 e-flex e-con-boxed e-con e-parent\" data-id=\"e61f562\" data-element_type=\"container\" data-e-type=\"container\">\n\t\t\t\t\t<div class=\"e-con-inner\">\n\t\t<div class=\"elementor-element elementor-element-0a1652b e-con-full e-flex e-con e-child\" data-id=\"0a1652b\" data-element_type=\"container\" data-e-type=\"container\">\n\t\t\t\t<div class=\"elementor-element elementor-element-877902e elementor-widget elementor-widget-heading\" data-id=\"877902e\" data-element_type=\"widget\" data-e-type=\"widget\" data-widget_type=\"heading.default\">\n\t\t\t\t\t<h2 class=\"elementor-heading-title elementor-size-default\">Envie d\u2019un projet sur mesure ?<\/h2>\t\t\t\t<\/div>\n\t\t\t\t<\/div>\n\t\t<div class=\"elementor-element elementor-element-5101d19 e-con-full e-flex e-con e-child\" data-id=\"5101d19\" data-element_type=\"container\" data-e-type=\"container\">\n\t\t\t\t<div class=\"elementor-element elementor-element-47b9677 elementor-mobile-align-center elementor-widget elementor-widget-button\" data-id=\"47b9677\" data-element_type=\"widget\" data-e-type=\"widget\" data-widget_type=\"button.default\">\n\t\t\t\t\t\t\t\t\t\t<a class=\"elementor-button elementor-button-link elementor-size-sm elementor-animation-grow\" href=\"https:\/\/www.lesconfectionsdelaurence.fr\/index.php\/contactez-moi\/\">\n\t\t\t\t\t\t<span class=\"elementor-button-content-wrapper\">\n\t\t\t\t\t\t\t\t\t<span class=\"elementor-button-text\">Discutons de votre projet<\/span>\n\t\t\t\t\t<\/span>\n\t\t\t\t\t<\/a>\n\t\t\t\t\t\t\t\t<\/div>\n\t\t\t\t<\/div>\n\t\t\t\t\t<\/div>\n\t\t\t\t<\/div>\n\t\t\t\t<\/div>\n\t\t","protected":false},"excerpt":{"rendered":"<p>COUSSINS D\u00c9CORATIFS Confort, style et personnalisation Les coussins sont des \u00e9l\u00e9ments essentiels pour apporter confort, couleur et caract\u00e8re \u00e0 un int\u00e9rieur. Ils permettent de personnaliser un canap\u00e9, un fauteuil ou un lit, et d\u2019harmoniser la d\u00e9coration d\u2019une pi\u00e8ce. R\u00e9alis\u00e9s sur mesure ou s\u00e9lectionn\u00e9s au showroom, ils sont pens\u00e9s pour s\u2019int\u00e9grer parfaitement \u00e0 votre univers. Envie [&hellip;]<\/p>\n","protected":false},"author":1,"featured_media":0,"parent":0,"menu_order":0,"comment_status":"closed","ping_status":"closed","template":"","meta":{"ocean_post_layout":"","ocean_both_sidebars_style":"","ocean_both_sidebars_content_width":0,"ocean_both_sidebars_sidebars_width":0,"ocean_sidebar":"","ocean_second_sidebar":"","ocean_disable_margins":"enable","ocean_add_body_class":"","ocean_shortcode_before_top_bar":"","ocean_shortcode_after_top_bar":"","ocean_shortcode_before_header":"","ocean_shortcode_after_header":"","ocean_has_shortcode":"","ocean_shortcode_after_title":"","ocean_shortcode_before_footer_widgets":"","ocean_shortcode_after_footer_widgets":"","ocean_shortcode_before_footer_bottom":"","ocean_shortcode_after_footer_bottom":"","ocean_display_top_bar":"default","ocean_display_header":"default","ocean_header_style":"","ocean_center_header_left_menu":"","ocean_custom_header_template":"","ocean_custom_logo":0,"ocean_custom_retina_logo":0,"ocean_custom_logo_max_width":0,"ocean_custom_logo_tablet_max_width":0,"ocean_custom_logo_mobile_max_width":0,"ocean_custom_logo_max_height":0,"ocean_custom_logo_tablet_max_height":0,"ocean_custom_logo_mobile_max_height":0,"ocean_header_custom_menu":"","ocean_menu_typo_font_family":"","ocean_menu_typo_font_subset":"","ocean_menu_typo_font_size":0,"ocean_menu_typo_font_size_tablet":0,"ocean_menu_typo_font_size_mobile":0,"ocean_menu_typo_font_size_unit":"px","ocean_menu_typo_font_weight":"","ocean_menu_typo_font_weight_tablet":"","ocean_menu_typo_font_weight_mobile":"","ocean_menu_typo_transform":"","ocean_menu_typo_transform_tablet":"","ocean_menu_typo_transform_mobile":"","ocean_menu_typo_line_height":0,"ocean_menu_typo_line_height_tablet":0,"ocean_menu_typo_line_height_mobile":0,"ocean_menu_typo_line_height_unit":"","ocean_menu_typo_spacing":0,"ocean_menu_typo_spacing_tablet":0,"ocean_menu_typo_spacing_mobile":0,"ocean_menu_typo_spacing_unit":"","ocean_menu_link_color":"","ocean_menu_link_color_hover":"","ocean_menu_link_color_active":"","ocean_menu_link_background":"","ocean_menu_link_hover_background":"","ocean_menu_link_active_background":"","ocean_menu_social_links_bg":"","ocean_menu_social_hover_links_bg":"","ocean_menu_social_links_color":"","ocean_menu_social_hover_links_color":"","ocean_disable_title":"on","ocean_disable_heading":"default","ocean_post_title":"","ocean_post_subheading":"","ocean_post_title_style":"","ocean_post_title_background_color":"","ocean_post_title_background":0,"ocean_post_title_bg_image_position":"","ocean_post_title_bg_image_attachment":"","ocean_post_title_bg_image_repeat":"","ocean_post_title_bg_image_size":"","ocean_post_title_height":0,"ocean_post_title_bg_overlay":0.5,"ocean_post_title_bg_overlay_color":"","ocean_disable_breadcrumbs":"default","ocean_breadcrumbs_color":"","ocean_breadcrumbs_separator_color":"","ocean_breadcrumbs_links_color":"","ocean_breadcrumbs_links_hover_color":"","ocean_display_footer_widgets":"default","ocean_display_footer_bottom":"default","ocean_custom_footer_template":"","footnotes":""},"class_list":["post-207","page","type-page","status-publish","hentry","entry"],"yoast_head":"<!-- This site is optimized with the Yoast SEO plugin v27.3 - https:\/\/yoast.com\/product\/yoast-seo-wordpress\/ -->\n<title>Coussins d\u00e9coratifs - Les Confections de Laurence<\/title>\n<meta name=\"robots\" content=\"index, follow, max-snippet:-1, max-image-preview:large, max-video-preview:-1\" \/>\n<link rel=\"canonical\" href=\"https:\/\/www.lesconfectionsdelaurence.fr\/index.php\/coussins-decoratifs\/\" \/>\n<meta property=\"og:locale\" content=\"fr_FR\" \/>\n<meta property=\"og:type\" content=\"article\" \/>\n<meta property=\"og:title\" content=\"Coussins d\u00e9coratifs - Les Confections de Laurence\" \/>\n<meta property=\"og:description\" content=\"COUSSINS D\u00c9CORATIFS Confort, style et personnalisation Les coussins sont des \u00e9l\u00e9ments essentiels pour apporter confort, couleur et caract\u00e8re \u00e0 un int\u00e9rieur. Ils permettent de personnaliser un canap\u00e9, un fauteuil ou un lit, et d\u2019harmoniser la d\u00e9coration d\u2019une pi\u00e8ce. R\u00e9alis\u00e9s sur mesure ou s\u00e9lectionn\u00e9s au showroom, ils sont pens\u00e9s pour s\u2019int\u00e9grer parfaitement \u00e0 votre univers. Envie [&hellip;]\" \/>\n<meta property=\"og:url\" content=\"https:\/\/www.lesconfectionsdelaurence.fr\/index.php\/coussins-decoratifs\/\" \/>\n<meta property=\"og:site_name\" content=\"Les Confections de Laurence\" \/>\n<meta property=\"article:modified_time\" content=\"2026-04-10T21:11:41+00:00\" \/>\n<meta property=\"og:image\" content=\"https:\/\/www.lesconfectionsdelaurence.fr\/wp-content\/uploads\/2026\/04\/COUSINS-1.png\" \/>\n\t<meta property=\"og:image:width\" content=\"1200\" \/>\n\t<meta property=\"og:image:height\" content=\"600\" \/>\n\t<meta property=\"og:image:type\" content=\"image\/png\" \/>\n<meta name=\"twitter:card\" content=\"summary_large_image\" \/>\n<meta name=\"twitter:label1\" content=\"Dur\u00e9e de lecture estim\u00e9e\" \/>\n\t<meta name=\"twitter:data1\" content=\"1 minute\" \/>\n<script type=\"application\/ld+json\" class=\"yoast-schema-graph\">{\"@context\":\"https:\\\/\\\/schema.org\",\"@graph\":[{\"@type\":\"WebPage\",\"@id\":\"https:\\\/\\\/www.lesconfectionsdelaurence.fr\\\/index.php\\\/coussins-decoratifs\\\/\",\"url\":\"https:\\\/\\\/www.lesconfectionsdelaurence.fr\\\/index.php\\\/coussins-decoratifs\\\/\",\"name\":\"Coussins d\u00e9coratifs - Les Confections de Laurence\",\"isPartOf\":{\"@id\":\"https:\\\/\\\/www.lesconfectionsdelaurence.fr\\\/#website\"},\"primaryImageOfPage\":{\"@id\":\"https:\\\/\\\/www.lesconfectionsdelaurence.fr\\\/index.php\\\/coussins-decoratifs\\\/#primaryimage\"},\"image\":{\"@id\":\"https:\\\/\\\/www.lesconfectionsdelaurence.fr\\\/index.php\\\/coussins-decoratifs\\\/#primaryimage\"},\"thumbnailUrl\":\"https:\\\/\\\/www.lesconfectionsdelaurence.fr\\\/wp-content\\\/uploads\\\/2026\\\/04\\\/COUSINS-1-1024x512.png\",\"datePublished\":\"2026-03-19T21:35:51+00:00\",\"dateModified\":\"2026-04-10T21:11:41+00:00\",\"breadcrumb\":{\"@id\":\"https:\\\/\\\/www.lesconfectionsdelaurence.fr\\\/index.php\\\/coussins-decoratifs\\\/#breadcrumb\"},\"inLanguage\":\"fr-FR\",\"potentialAction\":[{\"@type\":\"ReadAction\",\"target\":[\"https:\\\/\\\/www.lesconfectionsdelaurence.fr\\\/index.php\\\/coussins-decoratifs\\\/\"]}]},{\"@type\":\"ImageObject\",\"inLanguage\":\"fr-FR\",\"@id\":\"https:\\\/\\\/www.lesconfectionsdelaurence.fr\\\/index.php\\\/coussins-decoratifs\\\/#primaryimage\",\"url\":\"https:\\\/\\\/www.lesconfectionsdelaurence.fr\\\/wp-content\\\/uploads\\\/2026\\\/04\\\/COUSINS-1.png\",\"contentUrl\":\"https:\\\/\\\/www.lesconfectionsdelaurence.fr\\\/wp-content\\\/uploads\\\/2026\\\/04\\\/COUSINS-1.png\",\"width\":1200,\"height\":600},{\"@type\":\"BreadcrumbList\",\"@id\":\"https:\\\/\\\/www.lesconfectionsdelaurence.fr\\\/index.php\\\/coussins-decoratifs\\\/#breadcrumb\",\"itemListElement\":[{\"@type\":\"ListItem\",\"position\":1,\"name\":\"Accueil\",\"item\":\"https:\\\/\\\/www.lesconfectionsdelaurence.fr\\\/\"},{\"@type\":\"ListItem\",\"position\":2,\"name\":\"Coussins d\u00e9coratifs\"}]},{\"@type\":\"WebSite\",\"@id\":\"https:\\\/\\\/www.lesconfectionsdelaurence.fr\\\/#website\",\"url\":\"https:\\\/\\\/www.lesconfectionsdelaurence.fr\\\/\",\"name\":\"Les Confections de Laurence\",\"description\":\"L&#039;art d&#039;habillier vos fen\u00eatres\",\"publisher\":{\"@id\":\"https:\\\/\\\/www.lesconfectionsdelaurence.fr\\\/#organization\"},\"potentialAction\":[{\"@type\":\"SearchAction\",\"target\":{\"@type\":\"EntryPoint\",\"urlTemplate\":\"https:\\\/\\\/www.lesconfectionsdelaurence.fr\\\/?s={search_term_string}\"},\"query-input\":{\"@type\":\"PropertyValueSpecification\",\"valueRequired\":true,\"valueName\":\"search_term_string\"}}],\"inLanguage\":\"fr-FR\"},{\"@type\":\"Organization\",\"@id\":\"https:\\\/\\\/www.lesconfectionsdelaurence.fr\\\/#organization\",\"name\":\"Les Confections de Laurence\",\"url\":\"https:\\\/\\\/www.lesconfectionsdelaurence.fr\\\/\",\"logo\":{\"@type\":\"ImageObject\",\"inLanguage\":\"fr-FR\",\"@id\":\"https:\\\/\\\/www.lesconfectionsdelaurence.fr\\\/#\\\/schema\\\/logo\\\/image\\\/\",\"url\":\"https:\\\/\\\/www.lesconfectionsdelaurence.fr\\\/wp-content\\\/uploads\\\/2025\\\/12\\\/cropped-cropped-logo-Laurence-180.png\",\"contentUrl\":\"https:\\\/\\\/www.lesconfectionsdelaurence.fr\\\/wp-content\\\/uploads\\\/2025\\\/12\\\/cropped-cropped-logo-Laurence-180.png\",\"width\":512,\"height\":476,\"caption\":\"Les Confections de Laurence\"},\"image\":{\"@id\":\"https:\\\/\\\/www.lesconfectionsdelaurence.fr\\\/#\\\/schema\\\/logo\\\/image\\\/\"}}]}<\/script>\n<!-- \/ Yoast SEO plugin. -->","yoast_head_json":{"title":"Coussins d\u00e9coratifs - Les Confections de Laurence","robots":{"index":"index","follow":"follow","max-snippet":"max-snippet:-1","max-image-preview":"max-image-preview:large","max-video-preview":"max-video-preview:-1"},"canonical":"https:\/\/www.lesconfectionsdelaurence.fr\/index.php\/coussins-decoratifs\/","og_locale":"fr_FR","og_type":"article","og_title":"Coussins d\u00e9coratifs - Les Confections de Laurence","og_description":"COUSSINS D\u00c9CORATIFS Confort, style et personnalisation Les coussins sont des \u00e9l\u00e9ments essentiels pour apporter confort, couleur et caract\u00e8re \u00e0 un int\u00e9rieur. Ils permettent de personnaliser un canap\u00e9, un fauteuil ou un lit, et d\u2019harmoniser la d\u00e9coration d\u2019une pi\u00e8ce. R\u00e9alis\u00e9s sur mesure ou s\u00e9lectionn\u00e9s au showroom, ils sont pens\u00e9s pour s\u2019int\u00e9grer parfaitement \u00e0 votre univers. Envie [&hellip;]","og_url":"https:\/\/www.lesconfectionsdelaurence.fr\/index.php\/coussins-decoratifs\/","og_site_name":"Les Confections de Laurence","article_modified_time":"2026-04-10T21:11:41+00:00","og_image":[{"width":1200,"height":600,"url":"https:\/\/www.lesconfectionsdelaurence.fr\/wp-content\/uploads\/2026\/04\/COUSINS-1.png","type":"image\/png"}],"twitter_card":"summary_large_image","twitter_misc":{"Dur\u00e9e de lecture estim\u00e9e":"1 minute"},"schema":{"@context":"https:\/\/schema.org","@graph":[{"@type":"WebPage","@id":"https:\/\/www.lesconfectionsdelaurence.fr\/index.php\/coussins-decoratifs\/","url":"https:\/\/www.lesconfectionsdelaurence.fr\/index.php\/coussins-decoratifs\/","name":"Coussins d\u00e9coratifs - Les Confections de Laurence","isPartOf":{"@id":"https:\/\/www.lesconfectionsdelaurence.fr\/#website"},"primaryImageOfPage":{"@id":"https:\/\/www.lesconfectionsdelaurence.fr\/index.php\/coussins-decoratifs\/#primaryimage"},"image":{"@id":"https:\/\/www.lesconfectionsdelaurence.fr\/index.php\/coussins-decoratifs\/#primaryimage"},"thumbnailUrl":"https:\/\/www.lesconfectionsdelaurence.fr\/wp-content\/uploads\/2026\/04\/COUSINS-1-1024x512.png","datePublished":"2026-03-19T21:35:51+00:00","dateModified":"2026-04-10T21:11:41+00:00","breadcrumb":{"@id":"https:\/\/www.lesconfectionsdelaurence.fr\/index.php\/coussins-decoratifs\/#breadcrumb"},"inLanguage":"fr-FR","potentialAction":[{"@type":"ReadAction","target":["https:\/\/www.lesconfectionsdelaurence.fr\/index.php\/coussins-decoratifs\/"]}]},{"@type":"ImageObject","inLanguage":"fr-FR","@id":"https:\/\/www.lesconfectionsdelaurence.fr\/index.php\/coussins-decoratifs\/#primaryimage","url":"https:\/\/www.lesconfectionsdelaurence.fr\/wp-content\/uploads\/2026\/04\/COUSINS-1.png","contentUrl":"https:\/\/www.lesconfectionsdelaurence.fr\/wp-content\/uploads\/2026\/04\/COUSINS-1.png","width":1200,"height":600},{"@type":"BreadcrumbList","@id":"https:\/\/www.lesconfectionsdelaurence.fr\/index.php\/coussins-decoratifs\/#breadcrumb","itemListElement":[{"@type":"ListItem","position":1,"name":"Accueil","item":"https:\/\/www.lesconfectionsdelaurence.fr\/"},{"@type":"ListItem","position":2,"name":"Coussins d\u00e9coratifs"}]},{"@type":"WebSite","@id":"https:\/\/www.lesconfectionsdelaurence.fr\/#website","url":"https:\/\/www.lesconfectionsdelaurence.fr\/","name":"Les Confections de Laurence","description":"L&#039;art d&#039;habillier vos fen\u00eatres","publisher":{"@id":"https:\/\/www.lesconfectionsdelaurence.fr\/#organization"},"potentialAction":[{"@type":"SearchAction","target":{"@type":"EntryPoint","urlTemplate":"https:\/\/www.lesconfectionsdelaurence.fr\/?s={search_term_string}"},"query-input":{"@type":"PropertyValueSpecification","valueRequired":true,"valueName":"search_term_string"}}],"inLanguage":"fr-FR"},{"@type":"Organization","@id":"https:\/\/www.lesconfectionsdelaurence.fr\/#organization","name":"Les Confections de Laurence","url":"https:\/\/www.lesconfectionsdelaurence.fr\/","logo":{"@type":"ImageObject","inLanguage":"fr-FR","@id":"https:\/\/www.lesconfectionsdelaurence.fr\/#\/schema\/logo\/image\/","url":"https:\/\/www.lesconfectionsdelaurence.fr\/wp-content\/uploads\/2025\/12\/cropped-cropped-logo-Laurence-180.png","contentUrl":"https:\/\/www.lesconfectionsdelaurence.fr\/wp-content\/uploads\/2025\/12\/cropped-cropped-logo-Laurence-180.png","width":512,"height":476,"caption":"Les Confections de Laurence"},"image":{"@id":"https:\/\/www.lesconfectionsdelaurence.fr\/#\/schema\/logo\/image\/"}}]}},"_links":{"self":[{"href":"https:\/\/www.lesconfectionsdelaurence.fr\/index.php\/wp-json\/wp\/v2\/pages\/207","targetHints":{"allow":["GET"]}}],"collection":[{"href":"https:\/\/www.lesconfectionsdelaurence.fr\/index.php\/wp-json\/wp\/v2\/pages"}],"about":[{"href":"https:\/\/www.lesconfectionsdelaurence.fr\/index.php\/wp-json\/wp\/v2\/types\/page"}],"author":[{"embeddable":true,"href":"https:\/\/www.lesconfectionsdelaurence.fr\/index.php\/wp-json\/wp\/v2\/users\/1"}],"replies":[{"embeddable":true,"href":"https:\/\/www.lesconfectionsdelaurence.fr\/index.php\/wp-json\/wp\/v2\/comments?post=207"}],"version-history":[{"count":19,"href":"https:\/\/www.lesconfectionsdelaurence.fr\/index.php\/wp-json\/wp\/v2\/pages\/207\/revisions"}],"predecessor-version":[{"id":505,"href":"https:\/\/www.lesconfectionsdelaurence.fr\/index.php\/wp-json\/wp\/v2\/pages\/207\/revisions\/505"}],"wp:attachment":[{"href":"https:\/\/www.lesconfectionsdelaurence.fr\/index.php\/wp-json\/wp\/v2\/media?parent=207"}],"curies":[{"name":"wp","href":"https:\/\/api.w.org\/{rel}","templated":true}]}}