{"id":57,"date":"2026-03-19T08:00:50","date_gmt":"2026-03-19T08:00:50","guid":{"rendered":"http:\/\/hcmoxrk.cluster100.hosting.ovh.net\/?page_id=57"},"modified":"2026-04-10T21:35:42","modified_gmt":"2026-04-10T21:35:42","slug":"a-propos","status":"publish","type":"page","link":"https:\/\/www.lesconfectionsdelaurence.fr\/index.php\/a-propos\/","title":{"rendered":"\u00c0 propos"},"content":{"rendered":"\t\t<div data-elementor-type=\"wp-page\" data-elementor-id=\"57\" class=\"elementor elementor-57\">\n\t\t\t\t<div class=\"elementor-element elementor-element-9f078cd e-flex e-con-boxed e-con e-parent\" data-id=\"9f078cd\" data-element_type=\"container\" data-e-type=\"container\">\n\t\t\t\t\t<div class=\"e-con-inner\">\n\t\t\t\t<div class=\"elementor-element elementor-element-9e5ebc9 elementor-widget elementor-widget-spacer\" data-id=\"9e5ebc9\" data-element_type=\"widget\" data-e-type=\"widget\" data-widget_type=\"spacer.default\">\n\t\t\t\t\t\t\t<div class=\"elementor-spacer\">\n\t\t\t<div class=\"elementor-spacer-inner\"><\/div>\n\t\t<\/div>\n\t\t\t\t\t\t<\/div>\n\t\t\t\t\t<\/div>\n\t\t\t\t<\/div>\n\t\t<div class=\"elementor-element elementor-element-34b017e e-flex e-con-boxed e-con e-parent\" data-id=\"34b017e\" data-element_type=\"container\" data-e-type=\"container\" data-settings=\"{&quot;background_background&quot;:&quot;classic&quot;}\">\n\t\t\t\t\t<div class=\"e-con-inner\">\n\t\t\t\t<div class=\"elementor-element elementor-element-7012028 elementor-widget elementor-widget-heading\" data-id=\"7012028\" data-element_type=\"widget\" data-e-type=\"widget\" data-widget_type=\"heading.default\">\n\t\t\t\t\t<h2 class=\"elementor-heading-title elementor-size-default\">Mon parcours et mon savoir faire<\/h2>\t\t\t\t<\/div>\n\t\t\t\t\t<\/div>\n\t\t\t\t<\/div>\n\t\t<div class=\"elementor-element elementor-element-ad3d1c4 e-flex e-con-boxed e-con e-parent\" data-id=\"ad3d1c4\" data-element_type=\"container\" data-e-type=\"container\">\n\t\t\t\t\t<div class=\"e-con-inner\">\n\t\t<div class=\"elementor-element elementor-element-59c6674 e-con-full e-flex e-con e-child\" data-id=\"59c6674\" data-element_type=\"container\" data-e-type=\"container\">\n\t\t\t\t<div class=\"elementor-element elementor-element-92086ca elementor-widget-tablet__width-initial elementor-widget elementor-widget-image\" data-id=\"92086ca\" data-element_type=\"widget\" data-e-type=\"widget\" data-widget_type=\"image.default\">\n\t\t\t\t\t\t\t\t\t\t\t\t\t\t\t<img fetchpriority=\"high\" decoding=\"async\" width=\"1024\" height=\"768\" src=\"https:\/\/www.lesconfectionsdelaurence.fr\/wp-content\/uploads\/2026\/04\/20260326_114155-1024x768.jpg\" class=\"attachment-large size-large wp-image-303\" alt=\"\" srcset=\"https:\/\/www.lesconfectionsdelaurence.fr\/wp-content\/uploads\/2026\/04\/20260326_114155-1024x768.jpg 1024w, https:\/\/www.lesconfectionsdelaurence.fr\/wp-content\/uploads\/2026\/04\/20260326_114155-300x225.jpg 300w, https:\/\/www.lesconfectionsdelaurence.fr\/wp-content\/uploads\/2026\/04\/20260326_114155-768x576.jpg 768w, https:\/\/www.lesconfectionsdelaurence.fr\/wp-content\/uploads\/2026\/04\/20260326_114155-1536x1152.jpg 1536w, https:\/\/www.lesconfectionsdelaurence.fr\/wp-content\/uploads\/2026\/04\/20260326_114155-2048x1536.jpg 2048w\" sizes=\"(max-width: 1024px) 100vw, 1024px\" \/>\t\t\t\t\t\t\t\t\t\t\t\t\t\t\t<\/div>\n\t\t<div class=\"elementor-element elementor-element-3cb0ef4 e-con-full e-flex e-con e-child\" data-id=\"3cb0ef4\" data-element_type=\"container\" data-e-type=\"container\">\n\t\t\t\t<div class=\"elementor-element elementor-element-5cdc9b8 elementor-widget elementor-widget-text-editor\" data-id=\"5cdc9b8\" data-element_type=\"widget\" data-e-type=\"widget\" data-widget_type=\"text-editor.default\">\n\t\t\t\t\t\t\t\t\t<p>Form\u00e9e au sein de l\u2019industrie du pr\u00eat-\u00e0-porter de luxe, notamment chez <strong>Christian Lacroix<\/strong>, j\u2019ai a d\u00e9velopp\u00e9 une exigence du d\u00e9tail et un sens du tissu qui ne m\u2019ont jamais quitt\u00e9e.<\/p><p class=\"cvGsUA direction-ltr align-start para-style-body\"><span class=\"a_GcMg font-feature-liga-off font-feature-clig-off font-feature-calt-off text-decoration-none text-strikethrough-none\">Apr\u00e8s plusieurs ann\u00e9es d\u2019exp\u00e9rience, l\u2019envie de revenir \u00e0 l\u2019essentiel et de cr\u00e9er localement s\u2019est impos\u00e9e. <strong>En <\/strong><\/span><strong><span class=\"a_GcMg font-feature-liga-off font-feature-clig-off font-feature-calt-off text-decoration-none text-strikethrough-none\">1999<\/span><\/strong><span class=\"a_GcMg font-feature-liga-off font-feature-clig-off font-feature-calt-off text-decoration-none text-strikethrough-none\">, je lance alors mon activit\u00e9 de confection textile sur mesure, sp\u00e9cialis\u00e9e dans l\u2019habillage des fen\u00eatres et la d\u00e9coration d\u2019int\u00e9rieur.<\/span><\/p><p class=\"cvGsUA direction-ltr align-start para-style-body\"><span class=\"a_GcMg font-feature-liga-off font-feature-clig-off font-feature-calt-off text-decoration-none text-strikethrough-none\">Rideaux, voilages, stores ou coussins : chaque r\u00e9alisation est pens\u00e9e comme une pi\u00e8ce unique, adapt\u00e9e \u00e0 l\u2019espace, \u00e0 la lumi\u00e8re et aux envies de mes clients.<\/span><\/p><p class=\"cvGsUA direction-ltr align-start para-style-body\"><span class=\"a_GcMg font-feature-liga-off font-feature-clig-off font-feature-calt-off text-decoration-none text-strikethrough-none\">Attach\u00e9e au <\/span><strong><span class=\"a_GcMg font-feature-liga-off font-feature-clig-off font-feature-calt-off text-decoration-none text-strikethrough-none\">travail artisanal<\/span><\/strong><span class=\"a_GcMg font-feature-liga-off font-feature-clig-off font-feature-calt-off text-decoration-none text-strikethrough-none\">, je privil\u00e9gie l\u2019\u00e9coute, le conseil et la qualit\u00e9 des finitions, pour des cr\u00e9ations durables et \u00e9l\u00e9gantes.<\/span><\/p>\t\t\t\t\t\t\t\t<\/div>\n\t\t\t\t<div class=\"elementor-element elementor-element-a82c8b8 elementor-widget elementor-widget-text-editor\" data-id=\"a82c8b8\" data-element_type=\"widget\" data-e-type=\"widget\" data-widget_type=\"text-editor.default\">\n\t\t\t\t\t\t\t\t\t<p><span class=\"a_GcMg font-feature-liga-off font-feature-clig-off font-feature-calt-off text-decoration-none text-strikethrough-none\">\u201cChaque projet est une rencontre, chaque int\u00e9rieur a son histoire.\u201d<\/span><\/p>\t\t\t\t\t\t\t\t<\/div>\n\t\t\t\t<\/div>\n\t\t\t\t<\/div>\n\t\t\t\t\t<\/div>\n\t\t\t\t<\/div>\n\t\t<div class=\"elementor-element elementor-element-dfd59d7 e-flex e-con-boxed e-con e-parent\" data-id=\"dfd59d7\" data-element_type=\"container\" data-e-type=\"container\">\n\t\t\t\t\t<div class=\"e-con-inner\">\n\t\t\t\t<div class=\"elementor-element elementor-element-da97fdc elementor-widget elementor-widget-image\" data-id=\"da97fdc\" data-element_type=\"widget\" data-e-type=\"widget\" data-widget_type=\"image.default\">\n\t\t\t\t\t\t\t\t\t\t\t\t\t\t\t<img decoding=\"async\" width=\"1024\" height=\"512\" src=\"https:\/\/www.lesconfectionsdelaurence.fr\/wp-content\/uploads\/2026\/04\/MOTS-CLES-1024x512.png\" class=\"attachment-large size-large wp-image-304\" alt=\"\" srcset=\"https:\/\/www.lesconfectionsdelaurence.fr\/wp-content\/uploads\/2026\/04\/MOTS-CLES-1024x512.png 1024w, https:\/\/www.lesconfectionsdelaurence.fr\/wp-content\/uploads\/2026\/04\/MOTS-CLES-300x150.png 300w, https:\/\/www.lesconfectionsdelaurence.fr\/wp-content\/uploads\/2026\/04\/MOTS-CLES-768x384.png 768w, https:\/\/www.lesconfectionsdelaurence.fr\/wp-content\/uploads\/2026\/04\/MOTS-CLES.png 1200w\" sizes=\"(max-width: 1024px) 100vw, 1024px\" \/>\t\t\t\t\t\t\t\t\t\t\t\t\t\t\t<\/div>\n\t\t\t\t\t<\/div>\n\t\t\t\t<\/div>\n\t\t<div class=\"elementor-element elementor-element-7d10036 e-con-full e-flex e-con e-parent\" data-id=\"7d10036\" data-element_type=\"container\" data-e-type=\"container\">\n\t\t\t\t<div class=\"elementor-element elementor-element-5a4636a elementor-align-center elementor-widget elementor-widget-button\" data-id=\"5a4636a\" data-element_type=\"widget\" data-e-type=\"widget\" data-widget_type=\"button.default\">\n\t\t\t\t\t\t\t\t\t\t<a class=\"elementor-button elementor-button-link elementor-size-sm elementor-animation-grow\" href=\"#\">\n\t\t\t\t\t\t<span class=\"elementor-button-content-wrapper\">\n\t\t\t\t\t\t\t\t\t<span class=\"elementor-button-text\">DISCUTONS DE VOTRE PROJET<\/span>\n\t\t\t\t\t<\/span>\n\t\t\t\t\t<\/a>\n\t\t\t\t\t\t\t\t<\/div>\n\t\t\t\t<\/div>\n\t\t\t\t<\/div>\n\t\t","protected":false},"excerpt":{"rendered":"<p>Mon parcours et mon savoir faire Form\u00e9e au sein de l\u2019industrie du pr\u00eat-\u00e0-porter de luxe, notamment chez Christian Lacroix, j\u2019ai a d\u00e9velopp\u00e9 une exigence du d\u00e9tail et un sens du tissu qui ne m\u2019ont jamais quitt\u00e9e. Apr\u00e8s plusieurs ann\u00e9es d\u2019exp\u00e9rience, l\u2019envie de revenir \u00e0 l\u2019essentiel et de cr\u00e9er localement s\u2019est impos\u00e9e. En 1999, je lance [&hellip;]<\/p>\n","protected":false},"author":1,"featured_media":0,"parent":0,"menu_order":0,"comment_status":"closed","ping_status":"closed","template":"","meta":{"ocean_post_layout":"","ocean_both_sidebars_style":"","ocean_both_sidebars_content_width":0,"ocean_both_sidebars_sidebars_width":0,"ocean_sidebar":"","ocean_second_sidebar":"","ocean_disable_margins":"enable","ocean_add_body_class":"","ocean_shortcode_before_top_bar":"","ocean_shortcode_after_top_bar":"","ocean_shortcode_before_header":"","ocean_shortcode_after_header":"","ocean_has_shortcode":"","ocean_shortcode_after_title":"","ocean_shortcode_before_footer_widgets":"","ocean_shortcode_after_footer_widgets":"","ocean_shortcode_before_footer_bottom":"","ocean_shortcode_after_footer_bottom":"","ocean_display_top_bar":"default","ocean_display_header":"default","ocean_header_style":"","ocean_center_header_left_menu":"","ocean_custom_header_template":"","ocean_custom_logo":0,"ocean_custom_retina_logo":0,"ocean_custom_logo_max_width":0,"ocean_custom_logo_tablet_max_width":0,"ocean_custom_logo_mobile_max_width":0,"ocean_custom_logo_max_height":0,"ocean_custom_logo_tablet_max_height":0,"ocean_custom_logo_mobile_max_height":0,"ocean_header_custom_menu":"","ocean_menu_typo_font_family":"","ocean_menu_typo_font_subset":"","ocean_menu_typo_font_size":0,"ocean_menu_typo_font_size_tablet":0,"ocean_menu_typo_font_size_mobile":0,"ocean_menu_typo_font_size_unit":"px","ocean_menu_typo_font_weight":"","ocean_menu_typo_font_weight_tablet":"","ocean_menu_typo_font_weight_mobile":"","ocean_menu_typo_transform":"","ocean_menu_typo_transform_tablet":"","ocean_menu_typo_transform_mobile":"","ocean_menu_typo_line_height":0,"ocean_menu_typo_line_height_tablet":0,"ocean_menu_typo_line_height_mobile":0,"ocean_menu_typo_line_height_unit":"","ocean_menu_typo_spacing":0,"ocean_menu_typo_spacing_tablet":0,"ocean_menu_typo_spacing_mobile":0,"ocean_menu_typo_spacing_unit":"","ocean_menu_link_color":"","ocean_menu_link_color_hover":"","ocean_menu_link_color_active":"","ocean_menu_link_background":"","ocean_menu_link_hover_background":"","ocean_menu_link_active_background":"","ocean_menu_social_links_bg":"","ocean_menu_social_hover_links_bg":"","ocean_menu_social_links_color":"","ocean_menu_social_hover_links_color":"","ocean_disable_title":"on","ocean_disable_heading":"default","ocean_post_title":"","ocean_post_subheading":"","ocean_post_title_style":"","ocean_post_title_background_color":"","ocean_post_title_background":0,"ocean_post_title_bg_image_position":"","ocean_post_title_bg_image_attachment":"","ocean_post_title_bg_image_repeat":"","ocean_post_title_bg_image_size":"","ocean_post_title_height":0,"ocean_post_title_bg_overlay":0.5,"ocean_post_title_bg_overlay_color":"","ocean_disable_breadcrumbs":"default","ocean_breadcrumbs_color":"","ocean_breadcrumbs_separator_color":"","ocean_breadcrumbs_links_color":"","ocean_breadcrumbs_links_hover_color":"","ocean_display_footer_widgets":"default","ocean_display_footer_bottom":"default","ocean_custom_footer_template":"","footnotes":""},"class_list":["post-57","page","type-page","status-publish","hentry","entry"],"yoast_head":"<!-- This site is optimized with the Yoast SEO plugin v27.3 - https:\/\/yoast.com\/product\/yoast-seo-wordpress\/ -->\n<title>\u00c0 propos - Les Confections de Laurence<\/title>\n<meta name=\"robots\" content=\"index, follow, max-snippet:-1, max-image-preview:large, max-video-preview:-1\" \/>\n<link rel=\"canonical\" href=\"https:\/\/www.lesconfectionsdelaurence.fr\/index.php\/a-propos\/\" \/>\n<meta property=\"og:locale\" content=\"fr_FR\" \/>\n<meta property=\"og:type\" content=\"article\" \/>\n<meta property=\"og:title\" content=\"\u00c0 propos - Les Confections de Laurence\" \/>\n<meta property=\"og:description\" content=\"Mon parcours et mon savoir faire Form\u00e9e au sein de l\u2019industrie du pr\u00eat-\u00e0-porter de luxe, notamment chez Christian Lacroix, j\u2019ai a d\u00e9velopp\u00e9 une exigence du d\u00e9tail et un sens du tissu qui ne m\u2019ont jamais quitt\u00e9e. Apr\u00e8s plusieurs ann\u00e9es d\u2019exp\u00e9rience, l\u2019envie de revenir \u00e0 l\u2019essentiel et de cr\u00e9er localement s\u2019est impos\u00e9e. En 1999, je lance [&hellip;]\" \/>\n<meta property=\"og:url\" content=\"https:\/\/www.lesconfectionsdelaurence.fr\/index.php\/a-propos\/\" \/>\n<meta property=\"og:site_name\" content=\"Les Confections de Laurence\" \/>\n<meta property=\"article:modified_time\" content=\"2026-04-10T21:35:42+00:00\" \/>\n<meta property=\"og:image\" content=\"https:\/\/www.lesconfectionsdelaurence.fr\/wp-content\/uploads\/2026\/04\/20260326_114155-scaled.jpg\" \/>\n\t<meta property=\"og:image:width\" content=\"2560\" \/>\n\t<meta property=\"og:image:height\" content=\"1920\" \/>\n\t<meta property=\"og:image:type\" content=\"image\/jpeg\" \/>\n<meta name=\"twitter:card\" content=\"summary_large_image\" \/>\n<meta name=\"twitter:label1\" content=\"Dur\u00e9e de lecture estim\u00e9e\" \/>\n\t<meta name=\"twitter:data1\" content=\"1 minute\" \/>\n<script type=\"application\/ld+json\" class=\"yoast-schema-graph\">{\"@context\":\"https:\\\/\\\/schema.org\",\"@graph\":[{\"@type\":\"WebPage\",\"@id\":\"https:\\\/\\\/www.lesconfectionsdelaurence.fr\\\/index.php\\\/a-propos\\\/\",\"url\":\"https:\\\/\\\/www.lesconfectionsdelaurence.fr\\\/index.php\\\/a-propos\\\/\",\"name\":\"\u00c0 propos - Les Confections de Laurence\",\"isPartOf\":{\"@id\":\"https:\\\/\\\/www.lesconfectionsdelaurence.fr\\\/#website\"},\"primaryImageOfPage\":{\"@id\":\"https:\\\/\\\/www.lesconfectionsdelaurence.fr\\\/index.php\\\/a-propos\\\/#primaryimage\"},\"image\":{\"@id\":\"https:\\\/\\\/www.lesconfectionsdelaurence.fr\\\/index.php\\\/a-propos\\\/#primaryimage\"},\"thumbnailUrl\":\"https:\\\/\\\/www.lesconfectionsdelaurence.fr\\\/wp-content\\\/uploads\\\/2026\\\/04\\\/20260326_114155-1024x768.jpg\",\"datePublished\":\"2026-03-19T08:00:50+00:00\",\"dateModified\":\"2026-04-10T21:35:42+00:00\",\"breadcrumb\":{\"@id\":\"https:\\\/\\\/www.lesconfectionsdelaurence.fr\\\/index.php\\\/a-propos\\\/#breadcrumb\"},\"inLanguage\":\"fr-FR\",\"potentialAction\":[{\"@type\":\"ReadAction\",\"target\":[\"https:\\\/\\\/www.lesconfectionsdelaurence.fr\\\/index.php\\\/a-propos\\\/\"]}]},{\"@type\":\"ImageObject\",\"inLanguage\":\"fr-FR\",\"@id\":\"https:\\\/\\\/www.lesconfectionsdelaurence.fr\\\/index.php\\\/a-propos\\\/#primaryimage\",\"url\":\"https:\\\/\\\/www.lesconfectionsdelaurence.fr\\\/wp-content\\\/uploads\\\/2026\\\/04\\\/20260326_114155-scaled.jpg\",\"contentUrl\":\"https:\\\/\\\/www.lesconfectionsdelaurence.fr\\\/wp-content\\\/uploads\\\/2026\\\/04\\\/20260326_114155-scaled.jpg\",\"width\":2560,\"height\":1920},{\"@type\":\"BreadcrumbList\",\"@id\":\"https:\\\/\\\/www.lesconfectionsdelaurence.fr\\\/index.php\\\/a-propos\\\/#breadcrumb\",\"itemListElement\":[{\"@type\":\"ListItem\",\"position\":1,\"name\":\"Accueil\",\"item\":\"https:\\\/\\\/www.lesconfectionsdelaurence.fr\\\/\"},{\"@type\":\"ListItem\",\"position\":2,\"name\":\"\u00c0 propos\"}]},{\"@type\":\"WebSite\",\"@id\":\"https:\\\/\\\/www.lesconfectionsdelaurence.fr\\\/#website\",\"url\":\"https:\\\/\\\/www.lesconfectionsdelaurence.fr\\\/\",\"name\":\"Les Confections de Laurence\",\"description\":\"L&#039;art d&#039;habillier vos fen\u00eatres\",\"publisher\":{\"@id\":\"https:\\\/\\\/www.lesconfectionsdelaurence.fr\\\/#organization\"},\"potentialAction\":[{\"@type\":\"SearchAction\",\"target\":{\"@type\":\"EntryPoint\",\"urlTemplate\":\"https:\\\/\\\/www.lesconfectionsdelaurence.fr\\\/?s={search_term_string}\"},\"query-input\":{\"@type\":\"PropertyValueSpecification\",\"valueRequired\":true,\"valueName\":\"search_term_string\"}}],\"inLanguage\":\"fr-FR\"},{\"@type\":\"Organization\",\"@id\":\"https:\\\/\\\/www.lesconfectionsdelaurence.fr\\\/#organization\",\"name\":\"Les Confections de Laurence\",\"url\":\"https:\\\/\\\/www.lesconfectionsdelaurence.fr\\\/\",\"logo\":{\"@type\":\"ImageObject\",\"inLanguage\":\"fr-FR\",\"@id\":\"https:\\\/\\\/www.lesconfectionsdelaurence.fr\\\/#\\\/schema\\\/logo\\\/image\\\/\",\"url\":\"https:\\\/\\\/www.lesconfectionsdelaurence.fr\\\/wp-content\\\/uploads\\\/2025\\\/12\\\/cropped-cropped-logo-Laurence-180.png\",\"contentUrl\":\"https:\\\/\\\/www.lesconfectionsdelaurence.fr\\\/wp-content\\\/uploads\\\/2025\\\/12\\\/cropped-cropped-logo-Laurence-180.png\",\"width\":512,\"height\":476,\"caption\":\"Les Confections de Laurence\"},\"image\":{\"@id\":\"https:\\\/\\\/www.lesconfectionsdelaurence.fr\\\/#\\\/schema\\\/logo\\\/image\\\/\"}}]}<\/script>\n<!-- \/ Yoast SEO plugin. -->","yoast_head_json":{"title":"\u00c0 propos - Les Confections de Laurence","robots":{"index":"index","follow":"follow","max-snippet":"max-snippet:-1","max-image-preview":"max-image-preview:large","max-video-preview":"max-video-preview:-1"},"canonical":"https:\/\/www.lesconfectionsdelaurence.fr\/index.php\/a-propos\/","og_locale":"fr_FR","og_type":"article","og_title":"\u00c0 propos - Les Confections de Laurence","og_description":"Mon parcours et mon savoir faire Form\u00e9e au sein de l\u2019industrie du pr\u00eat-\u00e0-porter de luxe, notamment chez Christian Lacroix, j\u2019ai a d\u00e9velopp\u00e9 une exigence du d\u00e9tail et un sens du tissu qui ne m\u2019ont jamais quitt\u00e9e. Apr\u00e8s plusieurs ann\u00e9es d\u2019exp\u00e9rience, l\u2019envie de revenir \u00e0 l\u2019essentiel et de cr\u00e9er localement s\u2019est impos\u00e9e. En 1999, je lance [&hellip;]","og_url":"https:\/\/www.lesconfectionsdelaurence.fr\/index.php\/a-propos\/","og_site_name":"Les Confections de Laurence","article_modified_time":"2026-04-10T21:35:42+00:00","og_image":[{"width":2560,"height":1920,"url":"https:\/\/www.lesconfectionsdelaurence.fr\/wp-content\/uploads\/2026\/04\/20260326_114155-scaled.jpg","type":"image\/jpeg"}],"twitter_card":"summary_large_image","twitter_misc":{"Dur\u00e9e de lecture estim\u00e9e":"1 minute"},"schema":{"@context":"https:\/\/schema.org","@graph":[{"@type":"WebPage","@id":"https:\/\/www.lesconfectionsdelaurence.fr\/index.php\/a-propos\/","url":"https:\/\/www.lesconfectionsdelaurence.fr\/index.php\/a-propos\/","name":"\u00c0 propos - Les Confections de Laurence","isPartOf":{"@id":"https:\/\/www.lesconfectionsdelaurence.fr\/#website"},"primaryImageOfPage":{"@id":"https:\/\/www.lesconfectionsdelaurence.fr\/index.php\/a-propos\/#primaryimage"},"image":{"@id":"https:\/\/www.lesconfectionsdelaurence.fr\/index.php\/a-propos\/#primaryimage"},"thumbnailUrl":"https:\/\/www.lesconfectionsdelaurence.fr\/wp-content\/uploads\/2026\/04\/20260326_114155-1024x768.jpg","datePublished":"2026-03-19T08:00:50+00:00","dateModified":"2026-04-10T21:35:42+00:00","breadcrumb":{"@id":"https:\/\/www.lesconfectionsdelaurence.fr\/index.php\/a-propos\/#breadcrumb"},"inLanguage":"fr-FR","potentialAction":[{"@type":"ReadAction","target":["https:\/\/www.lesconfectionsdelaurence.fr\/index.php\/a-propos\/"]}]},{"@type":"ImageObject","inLanguage":"fr-FR","@id":"https:\/\/www.lesconfectionsdelaurence.fr\/index.php\/a-propos\/#primaryimage","url":"https:\/\/www.lesconfectionsdelaurence.fr\/wp-content\/uploads\/2026\/04\/20260326_114155-scaled.jpg","contentUrl":"https:\/\/www.lesconfectionsdelaurence.fr\/wp-content\/uploads\/2026\/04\/20260326_114155-scaled.jpg","width":2560,"height":1920},{"@type":"BreadcrumbList","@id":"https:\/\/www.lesconfectionsdelaurence.fr\/index.php\/a-propos\/#breadcrumb","itemListElement":[{"@type":"ListItem","position":1,"name":"Accueil","item":"https:\/\/www.lesconfectionsdelaurence.fr\/"},{"@type":"ListItem","position":2,"name":"\u00c0 propos"}]},{"@type":"WebSite","@id":"https:\/\/www.lesconfectionsdelaurence.fr\/#website","url":"https:\/\/www.lesconfectionsdelaurence.fr\/","name":"Les Confections de Laurence","description":"L&#039;art d&#039;habillier vos fen\u00eatres","publisher":{"@id":"https:\/\/www.lesconfectionsdelaurence.fr\/#organization"},"potentialAction":[{"@type":"SearchAction","target":{"@type":"EntryPoint","urlTemplate":"https:\/\/www.lesconfectionsdelaurence.fr\/?s={search_term_string}"},"query-input":{"@type":"PropertyValueSpecification","valueRequired":true,"valueName":"search_term_string"}}],"inLanguage":"fr-FR"},{"@type":"Organization","@id":"https:\/\/www.lesconfectionsdelaurence.fr\/#organization","name":"Les Confections de Laurence","url":"https:\/\/www.lesconfectionsdelaurence.fr\/","logo":{"@type":"ImageObject","inLanguage":"fr-FR","@id":"https:\/\/www.lesconfectionsdelaurence.fr\/#\/schema\/logo\/image\/","url":"https:\/\/www.lesconfectionsdelaurence.fr\/wp-content\/uploads\/2025\/12\/cropped-cropped-logo-Laurence-180.png","contentUrl":"https:\/\/www.lesconfectionsdelaurence.fr\/wp-content\/uploads\/2025\/12\/cropped-cropped-logo-Laurence-180.png","width":512,"height":476,"caption":"Les Confections de Laurence"},"image":{"@id":"https:\/\/www.lesconfectionsdelaurence.fr\/#\/schema\/logo\/image\/"}}]}},"_links":{"self":[{"href":"https:\/\/www.lesconfectionsdelaurence.fr\/index.php\/wp-json\/wp\/v2\/pages\/57","targetHints":{"allow":["GET"]}}],"collection":[{"href":"https:\/\/www.lesconfectionsdelaurence.fr\/index.php\/wp-json\/wp\/v2\/pages"}],"about":[{"href":"https:\/\/www.lesconfectionsdelaurence.fr\/index.php\/wp-json\/wp\/v2\/types\/page"}],"author":[{"embeddable":true,"href":"https:\/\/www.lesconfectionsdelaurence.fr\/index.php\/wp-json\/wp\/v2\/users\/1"}],"replies":[{"embeddable":true,"href":"https:\/\/www.lesconfectionsdelaurence.fr\/index.php\/wp-json\/wp\/v2\/comments?post=57"}],"version-history":[{"count":42,"href":"https:\/\/www.lesconfectionsdelaurence.fr\/index.php\/wp-json\/wp\/v2\/pages\/57\/revisions"}],"predecessor-version":[{"id":530,"href":"https:\/\/www.lesconfectionsdelaurence.fr\/index.php\/wp-json\/wp\/v2\/pages\/57\/revisions\/530"}],"wp:attachment":[{"href":"https:\/\/www.lesconfectionsdelaurence.fr\/index.php\/wp-json\/wp\/v2\/media?parent=57"}],"curies":[{"name":"wp","href":"https:\/\/api.w.org\/{rel}","templated":true}]}}